{"id":211,"date":"2013-03-07T10:41:05","date_gmt":"2013-03-07T10:41:05","guid":{"rendered":"http:\/\/3clicks.bringthepixel.com\/?page_id=211"},"modified":"2015-04-01T22:28:54","modified_gmt":"2015-04-01T22:28:54","slug":"home-6","status":"publish","type":"page","link":"https:\/\/eurotree.com.ar\/?page_id=211","title":{"rendered":"Nuestro Concepto"},"content":{"rendered":"<ul class=\"g1-grid\"><li class=\"g1-column g1-two-third g1-valign-middle\">\n<p style=\"text-align: justify;\"><img loading=\"lazy\" decoding=\"async\" class=\"alignnone wp-image-2650 size-full\" src=\"http:\/\/eurotree.com.ar\/wp-content\/uploads\/2013\/03\/NuestroConcepto1.jpg\" alt=\"\" width=\"350\" height=\"55\" srcset=\"https:\/\/eurotree.com.ar\/wp-content\/uploads\/2013\/03\/NuestroConcepto1.jpg 350w, https:\/\/eurotree.com.ar\/wp-content\/uploads\/2013\/03\/NuestroConcepto1-300x47.jpg 300w, https:\/\/eurotree.com.ar\/wp-content\/uploads\/2013\/03\/NuestroConcepto1-320x50.jpg 320w, https:\/\/eurotree.com.ar\/wp-content\/uploads\/2013\/03\/NuestroConcepto1-239x37.jpg 239w\" sizes=\"(max-width: 350px) 100vw, 350px\" \/><\/p>\n<h4 style=\"text-align: justify;\">Quienes Somos<\/h4>\n<p style=\"text-align: justify;\">Somos una empresa argentina con una experiencia de m\u00e1s de 50 a\u00f1os desarrollando productos navide\u00f1os.<br \/>\nFabricamos y dise\u00f1amos de acuerdo a las tendencias del mercado local e internacional.<br \/>\nNuestros productos hoy recorren el mundo acompa\u00f1ando la magia de la Navidad y generando una presencia que crece a\u00f1o a a\u00f1o.<\/p>\n<\/li><!-- -->\n<li class=\"g1-column g1-one-third g1-valign-middle\">\n<p><img loading=\"lazy\" decoding=\"async\" class=\"alignnone size-full wp-image-2411\" src=\"http:\/\/eurotree.com.ar\/wp-content\/uploads\/2013\/03\/img_001NuestroConcepto1.jpg\" alt=\"img_001NuestroConcepto\" width=\"470\" height=\"460\" srcset=\"https:\/\/eurotree.com.ar\/wp-content\/uploads\/2013\/03\/img_001NuestroConcepto1.jpg 470w, https:\/\/eurotree.com.ar\/wp-content\/uploads\/2013\/03\/img_001NuestroConcepto1-300x293.jpg 300w, https:\/\/eurotree.com.ar\/wp-content\/uploads\/2013\/03\/img_001NuestroConcepto1-320x313.jpg 320w, https:\/\/eurotree.com.ar\/wp-content\/uploads\/2013\/03\/img_001NuestroConcepto1-239x233.jpg 239w, https:\/\/eurotree.com.ar\/wp-content\/uploads\/2013\/03\/img_001NuestroConcepto1-55x55.jpg 55w\" sizes=\"(max-width: 470px) 100vw, 470px\" \/><\/p>\n<\/li><!-- --><\/ul>\n<ul class=\"g1-grid\"><li class=\"g1-column g1-one-fourth g1-valign-top\">\n<p><a href=\"http:\/\/eurotree.com.ar\/wp-content\/uploads\/2013\/03\/NuestroConcepto_imagen002.jpg\"><img loading=\"lazy\" decoding=\"async\" class=\"alignnone wp-image-2658 size-full\" src=\"http:\/\/eurotree.com.ar\/wp-content\/uploads\/2013\/03\/NuestroConcepto_imagen002.jpg\" alt=\"\" width=\"221\" height=\"500\" srcset=\"https:\/\/eurotree.com.ar\/wp-content\/uploads\/2013\/03\/NuestroConcepto_imagen002.jpg 221w, https:\/\/eurotree.com.ar\/wp-content\/uploads\/2013\/03\/NuestroConcepto_imagen002-132x300.jpg 132w\" sizes=\"(max-width: 221px) 100vw, 221px\" \/><\/a><\/p>\n<\/li><!-- -->\n<li class=\"g1-column g1-three-fourth g1-valign-top\">\n<div id=\"g1-box-counter-1\" class=\"g1-box g1-box--simple  g1-box--noicon\" ><div class=\"g1-box__inner\">\n<h2><img loading=\"lazy\" decoding=\"async\" class=\"alignnone size-full wp-image-2623\" src=\"http:\/\/eurotree.com.ar\/wp-content\/uploads\/2013\/03\/Nuestra-Historia.jpg\" alt=\"Nuestra-Historia\" width=\"281\" height=\"44\" srcset=\"https:\/\/eurotree.com.ar\/wp-content\/uploads\/2013\/03\/Nuestra-Historia.jpg 281w, https:\/\/eurotree.com.ar\/wp-content\/uploads\/2013\/03\/Nuestra-Historia-239x37.jpg 239w\" sizes=\"(max-width: 281px) 100vw, 281px\" \/><\/h2>\n<ul class=\"g1-grid\"><li class=\"g1-column g1-one-half g1-valign-top\">\n<p><img loading=\"lazy\" decoding=\"async\" class=\"alignnone wp-image-2498 size-full\" src=\"http:\/\/eurotree.com.ar\/wp-content\/uploads\/2013\/03\/bennavia.jpg\" alt=\"\" width=\"325\" height=\"218\" srcset=\"https:\/\/eurotree.com.ar\/wp-content\/uploads\/2013\/03\/bennavia.jpg 325w, https:\/\/eurotree.com.ar\/wp-content\/uploads\/2013\/03\/bennavia-300x201.jpg 300w, https:\/\/eurotree.com.ar\/wp-content\/uploads\/2013\/03\/bennavia-320x214.jpg 320w, https:\/\/eurotree.com.ar\/wp-content\/uploads\/2013\/03\/bennavia-239x160.jpg 239w\" sizes=\"(max-width: 325px) 100vw, 325px\" \/><\/p>\n<p style=\"text-align: justify;\">Se inicia con la llegada de dos inmigrantes italianos a estas tierras.<br \/>\nSolo tra\u00edan un oficio y una valija con ilusiones y proyectos que luego con mucho trabajo se convertir\u00edan en una realidad.<br \/>\nEsos inmigrantes fueron nuestros padres fundadores que adem\u00e1s de armar una familia lograron<\/p>\n<p style=\"text-align: justify;\"><\/li><!-- -->\n<li class=\"g1-column g1-one-half g1-valign-top\">\n<p style=\"text-align: justify;\">desarrollar un oficio artesanal para rescatar el valor de la Navidad.<br \/>\nCon sus manos, ingenio y dedicaci\u00f3n \u00a0comenzaron a crear y fabricar pesebres navide\u00f1os. Ese trabajo y\u00a0 compromiso fue trasmitido a sus hijos quienes tambi\u00e9n pusieron la misma pasi\u00f3n por sostener las tradiciones navide\u00f1as y en ese camino generaron nuevos proyectos, asumiendo nuevos desaf\u00edos.<\/p>\n<p style=\"text-align: justify;\">Con ese legado nace Eurotree, una empresa nacional que se distingue hoy por la innovaci\u00f3n que constantemente aplica a sus productos, alcanzando un liderazgo que d\u00eda a d\u00eda se afirma, renovando compromisos.<br \/>\nDesde Eurotree nuestros \u00e1rboles navide\u00f1os llegan a todo el territorio nacional y \u00a0al mundo.<br \/>\nCon nuestros productos\u00a0llegamos a cada hogar para engalanar y vestir cada Navidad en familia.<\/p>\n<p style=\"text-align: justify;\"><\/li><!-- --><\/ul>\n<\/div><\/div>\n<\/li><!-- --><\/ul>\n<h3 style=\"text-align: center;\"><span style=\"color: #993366;\"><em>Trabajamos\u00a0 en equipo logrando que cada cliente\u00a0 y en cada espacio se vivan momentos especiales juntos a nuestros \u00e1rboles navide\u00f1os.<\/em><\/span><\/h3>\n<p><img loading=\"lazy\" decoding=\"async\" class=\"alignnone wp-image-2626 size-full\" src=\"http:\/\/eurotree.com.ar\/wp-content\/uploads\/2013\/03\/nuestro-valores3.jpg\" alt=\"\" width=\"968\" height=\"517\" srcset=\"https:\/\/eurotree.com.ar\/wp-content\/uploads\/2013\/03\/nuestro-valores3.jpg 968w, https:\/\/eurotree.com.ar\/wp-content\/uploads\/2013\/03\/nuestro-valores3-300x160.jpg 300w, https:\/\/eurotree.com.ar\/wp-content\/uploads\/2013\/03\/nuestro-valores3-636x339.jpg 636w, https:\/\/eurotree.com.ar\/wp-content\/uploads\/2013\/03\/nuestro-valores3-320x170.jpg 320w, https:\/\/eurotree.com.ar\/wp-content\/uploads\/2013\/03\/nuestro-valores3-239x127.jpg 239w\" sizes=\"(max-width: 968px) 100vw, 968px\" \/><\/p>\n<h2 style=\"text-align: center;\"><strong>Nuestra filosof\u00eda de trabajo<\/strong><\/h2>\n<p style=\"text-align: center;\">Es entender las necesidades de nuestros clientes que nos eligen a\u00f1o a a\u00f1o por servicio, calidad, prestigio en el sector y conocimiento<br \/>\nprofesional en lo que hacemos.<br \/>\nContamos en nuestra planta con tecnolog\u00eda y personal calificado que trabaja d\u00eda a d\u00eda \u00a0para lograr la excelencia en productos y<br \/>\nservicios, de manera de responder a las necesidades del mercado.<\/p>\n<style type=\"text\/css\" scoped=\"scoped\">#g1-section-1.g1-section {background-color: #f7f7f7; background-repeat:repeat; background-position:center top; background-attachment:static;}<\/style><div id=\"g1-section-1\" class=\"g1-section \"><div class=\"g1-layout-inner\">\n<p><img loading=\"lazy\" decoding=\"async\" class=\"wp-image-2420 aligncenter\" src=\"http:\/\/eurotree.com.ar\/wp-content\/uploads\/2013\/03\/NuestroConcepto_imagen.jpg\" alt=\"NuestroConcepto_imagen\" width=\"793\" height=\"321\" srcset=\"https:\/\/eurotree.com.ar\/wp-content\/uploads\/2013\/03\/NuestroConcepto_imagen.jpg 968w, https:\/\/eurotree.com.ar\/wp-content\/uploads\/2013\/03\/NuestroConcepto_imagen-300x121.jpg 300w, https:\/\/eurotree.com.ar\/wp-content\/uploads\/2013\/03\/NuestroConcepto_imagen-636x257.jpg 636w, https:\/\/eurotree.com.ar\/wp-content\/uploads\/2013\/03\/NuestroConcepto_imagen-320x129.jpg 320w, https:\/\/eurotree.com.ar\/wp-content\/uploads\/2013\/03\/NuestroConcepto_imagen-239x96.jpg 239w\" sizes=\"(max-width: 793px) 100vw, 793px\" \/><\/p>\n<\/div><\/div>\n","protected":false},"excerpt":{"rendered":"<p>Trabajamos\u00a0 en equipo logrando que cada cliente\u00a0 y en cada espacio se vivan momentos especiales juntos a nuestros \u00e1rboles navide\u00f1os. Nuestra filosof\u00eda de trabajo Es entender las necesidades de nuestros clientes que nos eligen a\u00f1o a a\u00f1o por servicio, calidad, prestigio en el sector y conocimiento profesional en lo que hacemos. Contamos en nuestra planta [&hellip;]<\/p>\n","protected":false},"author":1,"featured_media":0,"parent":0,"menu_order":0,"comment_status":"closed","ping_status":"closed","template":"g1_template_page_full.php","meta":{"footnotes":""},"class_list":["post-211","page","type-page","status-publish"],"_links":{"self":[{"href":"https:\/\/eurotree.com.ar\/index.php?rest_route=\/wp\/v2\/pages\/211"}],"collection":[{"href":"https:\/\/eurotree.com.ar\/index.php?rest_route=\/wp\/v2\/pages"}],"about":[{"href":"https:\/\/eurotree.com.ar\/index.php?rest_route=\/wp\/v2\/types\/page"}],"author":[{"embeddable":true,"href":"https:\/\/eurotree.com.ar\/index.php?rest_route=\/wp\/v2\/users\/1"}],"replies":[{"embeddable":true,"href":"https:\/\/eurotree.com.ar\/index.php?rest_route=%2Fwp%2Fv2%2Fcomments&post=211"}],"version-history":[{"count":46,"href":"https:\/\/eurotree.com.ar\/index.php?rest_route=\/wp\/v2\/pages\/211\/revisions"}],"predecessor-version":[{"id":3013,"href":"https:\/\/eurotree.com.ar\/index.php?rest_route=\/wp\/v2\/pages\/211\/revisions\/3013"}],"wp:attachment":[{"href":"https:\/\/eurotree.com.ar\/index.php?rest_route=%2Fwp%2Fv2%2Fmedia&parent=211"}],"curies":[{"name":"wp","href":"https:\/\/api.w.org\/{rel}","templated":true}]}}