{"id":124,"date":"2013-03-05T10:40:12","date_gmt":"2013-03-05T10:40:12","guid":{"rendered":"http:\/\/3clicks.bringthepixel.com\/?page_id=124"},"modified":"2015-09-19T23:54:52","modified_gmt":"2015-09-19T23:54:52","slug":"home","status":"publish","type":"page","link":"https:\/\/eurotree.com.ar\/","title":{"rendered":"Home"},"content":{"rendered":"<style type=\"text\/css\" scoped=\"scoped\">#g1-section-1.g1-section {background-color: #ffffff; background-repeat:repeat; background-position:center top; background-attachment:static;}<\/style><div id=\"g1-section-1\" class=\"g1-section \"><div class=\"g1-layout-inner\">\n<ul class=\"g1-grid\"><li class=\"g1-column g1-one-third g1-valign-top\">\n<h2><img loading=\"lazy\" decoding=\"async\" class=\"wp-image-2361 size-full aligncenter\" src=\"http:\/\/eurotree.com.ar\/wp-content\/uploads\/2013\/03\/iconos_home0031.jpg\" alt=\"\" width=\"130\" height=\"111\" \/><\/h2>\n<h2 style=\"text-align: center;\">Expertos en Navidad<\/h2>\n<p style=\"text-align: justify;\">Profesionalismo y tecnolog\u00eda aplicada a nuestros productos durante casi 20 a\u00f1os nos permitieron alcanzar un liderazgo en el mercado.<\/p>\n<\/li><!-- -->\n<li class=\"g1-column g1-one-third g1-valign-top\">\n<h2><img loading=\"lazy\" decoding=\"async\" class=\"wp-image-2360 size-full aligncenter\" src=\"http:\/\/eurotree.com.ar\/wp-content\/uploads\/2013\/03\/iconos_home0021.jpg\" alt=\"\" width=\"130\" height=\"111\" \/><\/h2>\n<h2 style=\"text-align: center;\">Calidad de Exportaci\u00f3n<\/h2>\n<p style=\"text-align: justify;\">Los productos Eurotree contemplan normas de calidad en su dise\u00f1o y fabricaci\u00f3n representando un valor agregado en cada espacio navide\u00f1o.<\/p>\n<\/li><!-- -->\n<li class=\"g1-column g1-one-third g1-valign-top\">\n<h2><img loading=\"lazy\" decoding=\"async\" class=\"wp-image-2359 size-full aligncenter\" src=\"http:\/\/eurotree.com.ar\/wp-content\/uploads\/2013\/03\/iconos_home0011.jpg\" alt=\"\" width=\"130\" height=\"111\" \/><\/h2>\n<h2 style=\"text-align: center;\">Orientaci\u00f3n al cliente<\/h2>\n<ul>\n<li>Atenci\u00f3n personalizada<\/li>\n<li>Asesoramiento continuo<\/li>\n<li>Showroom disponible para nuestros clientes<\/li>\n<li>Env\u00edos al interior y resto del mundo<\/li>\n<\/ul>\n<\/li><!-- --><\/ul>\n<\/div><\/div>\n<style type=\"text\/css\" scoped=\"scoped\">#g1-section-2.g1-section {background-color: #404040; background-repeat:repeat; background-position:center top; background-attachment:static; padding-bottom:0px; padding-top:0px;}<\/style><div id=\"g1-section-2\" class=\"g1-section \"><div class=\"g1-layout-inner\">\n<p><img loading=\"lazy\" decoding=\"async\" class=\"alignnone wp-image-2364 size-full\" src=\"http:\/\/eurotree.com.ar\/wp-content\/uploads\/2013\/03\/Frase_home1.jpg\" alt=\"\" width=\"952\" height=\"123\" srcset=\"https:\/\/eurotree.com.ar\/wp-content\/uploads\/2013\/03\/Frase_home1.jpg 952w, https:\/\/eurotree.com.ar\/wp-content\/uploads\/2013\/03\/Frase_home1-300x38.jpg 300w, https:\/\/eurotree.com.ar\/wp-content\/uploads\/2013\/03\/Frase_home1-636x82.jpg 636w, https:\/\/eurotree.com.ar\/wp-content\/uploads\/2013\/03\/Frase_home1-320x41.jpg 320w, https:\/\/eurotree.com.ar\/wp-content\/uploads\/2013\/03\/Frase_home1-239x30.jpg 239w\" sizes=\"(max-width: 952px) 100vw, 952px\" \/><\/p>\n<\/div><\/div>\n<ul class=\"g1-grid\"><li class=\"g1-column g1-one-fourth g1-valign-top\">\n<\/li><!-- -->\n<li class=\"g1-column g1-one-fourth g1-valign-top\">\n<h2><img loading=\"lazy\" decoding=\"async\" class=\"wp-image-2595 size-full aligncenter\" src=\"http:\/\/eurotree.com.ar\/wp-content\/uploads\/2013\/03\/iconos_home0041.jpg\" alt=\"\" width=\"130\" height=\"111\" \/><\/h2>\n<h2 style=\"text-align: center;\">Innovaci\u00f3n Constante<\/h2>\n<p style=\"text-align: center;\">Dise\u00f1o y desarrollo de nuevas colecciones. Materias primas de calidad. Producci\u00f3n permanente en planta. Amplio stock todo el a\u00f1o<\/p>\n<\/li><!-- -->\n<li class=\"g1-column g1-one-fourth g1-valign-top\">\n<h2><img loading=\"lazy\" decoding=\"async\" class=\"wp-image-2596 size-full aligncenter\" src=\"http:\/\/eurotree.com.ar\/wp-content\/uploads\/2013\/03\/iconos_home0051.jpg\" alt=\"\" width=\"130\" height=\"111\" \/><\/h2>\n<h2 style=\"text-align: center;\">Quienes nos elijen<\/h2>\n<p style=\"text-align: center;\">Comerciantes y Distribuidores. Grandes tiendas y Centros comerciales. Shoppings e Hipermercados. Empresas e Instituciones p\u00fablicas y privadas<\/p>\n<\/li><!-- -->\n<li class=\"g1-column g1-one-fourth g1-valign-top\">\n<\/li><!-- --><\/ul>\n<style type=\"text\/css\" scoped=\"scoped\">#g1-section-3.g1-section {background-image:url(http:\/\/eurotree.com.ar\/wp-content\/uploads\/2014\/10\/background_home2.jpg); background-repeat:repeat; background-position:center top; background-attachment:static;}<\/style><div id=\"g1-section-3\" class=\"g1-section \"><div class=\"g1-layout-inner\">\n<h2 style=\"text-align: center;\"><em><span style=\"color: #ffffff;\">Nuestros mejores productos<\/span><\/em><\/h2>\n<div id=\"g1-custom-posts-shortcode-1\" class=\"g1-custom-posts-shortcode g1-shortcode \">\n\n<div class=\"g1-masonry-wrapper\">\n    <!-- BEGIN: .g1-collection -->\n    <div class=\"g1-collection g1-collection--grid g1-collection--one-fourth g1-collection--masonry g1-effect-none\">\n        <ul><!-- --><li class=\"g1-collection__item\">\n            <article itemscope itemtype=\"http:\/\/schema.org\/BlogPosting\" id=\"post-2205\" class=\"post-2205 g1_work type-g1_work status-publish format-standard has-post-thumbnail g1_work_category-arboles g1-brief\">\n    <figure class=\"entry-featured-media\">\n<a href=\"https:\/\/eurotree.com.ar\/?g1_work=linea-fresh\" id=\"g1-frame-1\" class=\"g1-frame g1-frame--none g1-frame--inherit g1-frame--center \"><span class=\"g1-decorator\">\n\t\t\t\t<img loading=\"lazy\" decoding=\"async\" width=\"229\" height=\"355\" src=\"https:\/\/eurotree.com.ar\/wp-content\/uploads\/2014\/10\/th_Fresh-Pine-210.jpg\" class=\"attachment-g1_one_fourth_flexible size-g1_one_fourth_flexible wp-post-image\" alt=\"\" srcset=\"https:\/\/eurotree.com.ar\/wp-content\/uploads\/2014\/10\/th_Fresh-Pine-210.jpg 229w, https:\/\/eurotree.com.ar\/wp-content\/uploads\/2014\/10\/th_Fresh-Pine-210-193x300.jpg 193w\" sizes=\"(max-width: 229px) 100vw, 229px\" \/>\n\t\t\t\t<span class=\"g1-indicator g1-indicator-document\"><\/span>\n<\/span><\/a>\n<\/figure>\n    <div class=\"g1-nonmedia\">\n        <div class=\"g1-inner\">\n            <header class=\"entry-header\">\n                <h3><a href=\"https:\/\/eurotree.com.ar\/?g1_work=linea-fresh\" title=\"Fresh\" >Fresh<\/a><\/h3>                            <\/header><!-- .entry-header -->\n\n            \n            <footer class=\"entry-footer\">\n                \n                            <\/footer><!-- .entry-footer -->\n        <\/div>\n        <div class=\"g1-01\"><\/div>\n    <\/div>\n\n<\/article><!-- .post-XX -->        <\/li><!-- --><li class=\"g1-collection__item\">\n            <article itemscope itemtype=\"http:\/\/schema.org\/BlogPosting\" id=\"post-2175\" class=\"post-2175 g1_work type-g1_work status-publish format-standard has-post-thumbnail g1_work_category-arboles g1-brief\">\n    <figure class=\"entry-featured-media\">\n<a href=\"https:\/\/eurotree.com.ar\/?g1_work=linea-spring-spruce\" id=\"g1-frame-2\" class=\"g1-frame g1-frame--none g1-frame--inherit g1-frame--center \"><span class=\"g1-decorator\">\n\t\t\t\t<img loading=\"lazy\" decoding=\"async\" width=\"229\" height=\"355\" src=\"https:\/\/eurotree.com.ar\/wp-content\/uploads\/2014\/10\/th_Spring-Spruce.jpg\" class=\"attachment-g1_one_fourth_flexible size-g1_one_fourth_flexible wp-post-image\" alt=\"\" srcset=\"https:\/\/eurotree.com.ar\/wp-content\/uploads\/2014\/10\/th_Spring-Spruce.jpg 229w, https:\/\/eurotree.com.ar\/wp-content\/uploads\/2014\/10\/th_Spring-Spruce-193x300.jpg 193w\" sizes=\"(max-width: 229px) 100vw, 229px\" \/>\n\t\t\t\t<span class=\"g1-indicator g1-indicator-document\"><\/span>\n<\/span><\/a>\n<\/figure>\n    <div class=\"g1-nonmedia\">\n        <div class=\"g1-inner\">\n            <header class=\"entry-header\">\n                <h3><a href=\"https:\/\/eurotree.com.ar\/?g1_work=linea-spring-spruce\" title=\"Spring Spruce\" >Spring Spruce<\/a><\/h3>                            <\/header><!-- .entry-header -->\n\n            \n            <footer class=\"entry-footer\">\n                \n                            <\/footer><!-- .entry-footer -->\n        <\/div>\n        <div class=\"g1-01\"><\/div>\n    <\/div>\n\n<\/article><!-- .post-XX -->        <\/li><!-- --><li class=\"g1-collection__item\">\n            <article itemscope itemtype=\"http:\/\/schema.org\/BlogPosting\" id=\"post-2172\" class=\"post-2172 g1_work type-g1_work status-publish format-standard has-post-thumbnail g1_work_category-arboles g1-brief\">\n    <figure class=\"entry-featured-media\">\n<a href=\"https:\/\/eurotree.com.ar\/?g1_work=linea-abetone\" id=\"g1-frame-3\" class=\"g1-frame g1-frame--none g1-frame--inherit g1-frame--center \"><span class=\"g1-decorator\">\n\t\t\t\t<img loading=\"lazy\" decoding=\"async\" width=\"229\" height=\"355\" src=\"https:\/\/eurotree.com.ar\/wp-content\/uploads\/2014\/10\/th_Abetone-Spruce.jpg\" class=\"attachment-g1_one_fourth_flexible size-g1_one_fourth_flexible wp-post-image\" alt=\"\" srcset=\"https:\/\/eurotree.com.ar\/wp-content\/uploads\/2014\/10\/th_Abetone-Spruce.jpg 229w, https:\/\/eurotree.com.ar\/wp-content\/uploads\/2014\/10\/th_Abetone-Spruce-193x300.jpg 193w\" sizes=\"(max-width: 229px) 100vw, 229px\" \/>\n\t\t\t\t<span class=\"g1-indicator g1-indicator-document\"><\/span>\n<\/span><\/a>\n<\/figure>\n    <div class=\"g1-nonmedia\">\n        <div class=\"g1-inner\">\n            <header class=\"entry-header\">\n                <h3><a href=\"https:\/\/eurotree.com.ar\/?g1_work=linea-abetone\" title=\"Abetone\" >Abetone<\/a><\/h3>                            <\/header><!-- .entry-header -->\n\n            \n            <footer class=\"entry-footer\">\n                \n                            <\/footer><!-- .entry-footer -->\n        <\/div>\n        <div class=\"g1-01\"><\/div>\n    <\/div>\n\n<\/article><!-- .post-XX -->        <\/li><!-- --><li class=\"g1-collection__item\">\n            <article itemscope itemtype=\"http:\/\/schema.org\/BlogPosting\" id=\"post-2169\" class=\"post-2169 g1_work type-g1_work status-publish format-standard has-post-thumbnail g1_work_category-arboles g1-brief\">\n    <figure class=\"entry-featured-media\">\n<a href=\"https:\/\/eurotree.com.ar\/?g1_work=linea-natural-fir\" id=\"g1-frame-4\" class=\"g1-frame g1-frame--none g1-frame--inherit g1-frame--center \"><span class=\"g1-decorator\">\n\t\t\t\t<img loading=\"lazy\" decoding=\"async\" width=\"229\" height=\"355\" src=\"https:\/\/eurotree.com.ar\/wp-content\/uploads\/2014\/10\/th_Natural-Fir.jpg\" class=\"attachment-g1_one_fourth_flexible size-g1_one_fourth_flexible wp-post-image\" alt=\"\" srcset=\"https:\/\/eurotree.com.ar\/wp-content\/uploads\/2014\/10\/th_Natural-Fir.jpg 229w, https:\/\/eurotree.com.ar\/wp-content\/uploads\/2014\/10\/th_Natural-Fir-193x300.jpg 193w\" sizes=\"(max-width: 229px) 100vw, 229px\" \/>\n\t\t\t\t<span class=\"g1-indicator g1-indicator-document\"><\/span>\n<\/span><\/a>\n<\/figure>\n    <div class=\"g1-nonmedia\">\n        <div class=\"g1-inner\">\n            <header class=\"entry-header\">\n                <h3><a href=\"https:\/\/eurotree.com.ar\/?g1_work=linea-natural-fir\" title=\"Natural Fir\" >Natural Fir<\/a><\/h3>                            <\/header><!-- .entry-header -->\n\n            \n            <footer class=\"entry-footer\">\n                \n                            <\/footer><!-- .entry-footer -->\n        <\/div>\n        <div class=\"g1-01\"><\/div>\n    <\/div>\n\n<\/article><!-- .post-XX -->        <\/li><!-- --><\/ul>\n    <\/div>\n    <!-- END: .g1-collection -->\n<\/div>\n\n\n<\/div>\n<\/div><\/div>\n<style type=\"text\/css\" scoped=\"scoped\">#g1-section-4.g1-section {background-color: #ededed; background-image:url(http:\/\/eurotree.com.ar\/wp-content\/uploads\/2014\/11\/siluetaslides003.png); background-repeat:repeat; background-position:center top; background-attachment:static;}<\/style><div id=\"g1-section-4\" class=\"g1-section \"><div class=\"g1-layout-inner\">\n<h4 style=\"text-align: center;\"><em><strong>Creencias y tradiciones navide\u00f1as <\/strong><\/em> A mediados del a\u00f1o 700, en Alemania nace una de las creencias mas tradicionales. Los \u00e1rboles de hojas perennes, pinos y abetos representaban la vida, por eso durante la \u00e9poca navide\u00f1a eran decorados por sus habitantes e incorporados dentro de sus casas con el fin de celebrar la vida eterna de Cristo. Y as\u00ed es como los \u00e1rboles fueron conocidos como El \u00c1rbol de Cristo y finalmente como El \u00c1rbol de Navidad. <a title=\"Creencias y Tradiciones Navide\u00f1as\" href=\"http:\/\/eurotree.com.ar\/?page_id=2574\">Leer M\u00e1s<\/a><\/h4>\n<\/div><\/div>\n","protected":false},"excerpt":{"rendered":"","protected":false},"author":1,"featured_media":3176,"parent":0,"menu_order":10,"comment_status":"closed","ping_status":"closed","template":"g1_template_page_full_sections.php","meta":{"footnotes":""},"class_list":{"0":"post-124","1":"page","2":"type-page","3":"status-publish","4":"has-post-thumbnail","6":"g1-brief"},"_links":{"self":[{"href":"https:\/\/eurotree.com.ar\/index.php?rest_route=\/wp\/v2\/pages\/124"}],"collection":[{"href":"https:\/\/eurotree.com.ar\/index.php?rest_route=\/wp\/v2\/pages"}],"about":[{"href":"https:\/\/eurotree.com.ar\/index.php?rest_route=\/wp\/v2\/types\/page"}],"author":[{"embeddable":true,"href":"https:\/\/eurotree.com.ar\/index.php?rest_route=\/wp\/v2\/users\/1"}],"replies":[{"embeddable":true,"href":"https:\/\/eurotree.com.ar\/index.php?rest_route=%2Fwp%2Fv2%2Fcomments&post=124"}],"version-history":[{"count":78,"href":"https:\/\/eurotree.com.ar\/index.php?rest_route=\/wp\/v2\/pages\/124\/revisions"}],"predecessor-version":[{"id":2089,"href":"https:\/\/eurotree.com.ar\/index.php?rest_route=\/wp\/v2\/pages\/124\/revisions\/2089"}],"wp:featuredmedia":[{"embeddable":true,"href":"https:\/\/eurotree.com.ar\/index.php?rest_route=\/wp\/v2\/media\/3176"}],"wp:attachment":[{"href":"https:\/\/eurotree.com.ar\/index.php?rest_route=%2Fwp%2Fv2%2Fmedia&parent=124"}],"curies":[{"name":"wp","href":"https:\/\/api.w.org\/{rel}","templated":true}]}}